{"id":15282,"date":"2023-02-16T13:32:44","date_gmt":"2023-02-16T12:32:44","guid":{"rendered":"https:\/\/new.regiongron.sk\/?page_id=15282"},"modified":"2025-03-21T14:50:54","modified_gmt":"2025-03-21T13:50:54","slug":"turistika-a-cyklotrasy","status":"publish","type":"page","link":"https:\/\/regiongron.sk\/en\/spoznajte-region\/turistika-a-cyklotrasy\/","title":{"rendered":"Hiking and cycling trail"},"content":{"rendered":"\n<p><strong>Discover<\/strong> our charming hills, forests, and rolling mountains <strong>Vt\u00e1\u010dnik, \u0160tiavnick\u00e9 vrchy <\/strong>or <strong>Pohronsk\u00fd Inovec,<\/strong> which attract you to short intense hikes, day trips and long-distance routes. There are <strong>more than 150 km of marked hiking trails<\/strong> in the region, where you surely do not come across many tourists.\u00a0<\/p>\n\n\n\n<p>If you <strong>like to explore new places on bicycles<\/strong>, the central valley of the Hron River is your ideal pick for a weekend stay. <strong>More than 200 km<\/strong> <strong>of signposted mountain cycling paths <\/strong>provide excellent opportunities to experienced cyclists, or curious explorers of interesting sites in the vicinity.<\/p>\n\n\n\n<p class=\"has-text-align-left wp-embed-aspect-16-9 wp-has-aspect-ratio\">Do you prefer walks or hikes where you can explore and learn something new? Join any of <strong>12 educational trails <\/strong>in the central valley of the Hron River. Educational trails will guide you to <strong>ruins or vanished castles<\/strong>, through <strong>spectacular landscape<\/strong> and local myths and legends, even to bandits\u2019 roads.<\/p>\n\n\n\n<p class=\"has-text-align-center wp-embed-aspect-16-9 wp-has-aspect-ratio\"><\/p>\n\n\n\n<figure class=\"wp-block-embed aligncenter is-provider-youtube wp-block-embed-youtube wp-embed-aspect-16-9 wp-has-aspect-ratio\"><div class=\"wp-block-embed__wrapper\">\n<iframe loading=\"lazy\" title=\"TURISTIKA V REGI\u00d3NE GRON\" width=\"500\" height=\"281\" src=\"https:\/\/www.youtube.com\/embed\/0-RuarrqQUc?feature=oembed\" frameborder=\"0\" allow=\"accelerometer; autoplay; clipboard-write; encrypted-media; gyroscope; picture-in-picture; web-share\" referrerpolicy=\"strict-origin-when-cross-origin\" allowfullscreen><\/iframe>\n<\/div><\/figure>\n\n\n\n<div class=\"wp-block-uagb-call-to-action uagb-block-e690d6b1 wp-block-button\"><div class=\"uagb-cta__wrap\"><h3 class=\"uagb-cta__title\">Napl\u00e1nujte si v\u00fdlet s na\u0161ou bro\u017e\u00farou!<\/h3><p class=\"uagb-cta__desc\">Ak neviete, kam sk\u00f4r vyrazi\u0165 alebo v regi\u00f3ne u\u017e svoju dovolenku tr\u00e1vite a potrebujete tip na v\u00fdlet, ur\u010dite si prelistujte na\u0161u nov\u00fa bro\u017e\u00faru. N\u00e1jdete v nej odpor\u00fa\u010dania kam \u00eds\u0165, \u010do vidie\u0165 i za\u017ei\u0165. <\/p><\/div><div class=\"uagb-cta__buttons\"><a href=\"https:\/\/regiongron.sk\/turisticka-brozura-2022\/\" class=\"uagb-cta__button-link-wrapper wp-block-button__link\" target=\"_blank\" rel=\"noopener noreferrer\">Turistick\u00fd sprievodca Regi\u00f3nom GRON<svg xmlns=\"https:\/\/www.w3.org\/2000\/svg\" viewBox=\"0 0 512 512\"><path d=\"M223.1 32C223.1 14.33 238.3 0 255.1 0C273.7 0 288 14.33 288 32H441.4C445.6 32 449.7 33.69 452.7 36.69L500.7 84.69C506.9 90.93 506.9 101.1 500.7 107.3L452.7 155.3C449.7 158.3 445.6 160 441.4 160H63.1C46.33 160 31.1 145.7 31.1 128V64C31.1 46.33 46.33 32 63.1 32L223.1 32zM480 320C480 337.7 465.7 352 448 352H70.63C66.38 352 62.31 350.3 59.31 347.3L11.31 299.3C5.065 293.1 5.065 282.9 11.31 276.7L59.31 228.7C62.31 225.7 66.38 223.1 70.63 223.1H223.1V191.1H288V223.1H448C465.7 223.1 480 238.3 480 255.1V320zM255.1 512C238.3 512 223.1 497.7 223.1 480V384H288V480C288 497.7 273.7 512 255.1 512z\"><\/path><\/svg><\/a><\/div><\/div>\n\n\n\n<p><\/p>\n\n\n\n<div class=\"wp-block-uagb-call-to-action uagb-block-e33a486e wp-block-button\"><div class=\"uagb-cta__wrap\"><h3 class=\"uagb-cta__title\">S na\u0161ou mapou sa nestrat\u00edte!<\/h3><p class=\"uagb-cta__desc\">Aktu\u00e1lnu turisticko-cyklistick\u00fa mapu ocen\u00ed ka\u017ed\u00fd turista. My v\u00e1m jednu tak\u00fa pon\u00fakame - mapa s turistick\u00fdmi trasami i cyklotrasami stredn\u00e9ho Pohronia, ktor\u00e1 v\u0161ak obsahuje aj tipy na v\u00fdlety. Prejdite sa po regi\u00f3ne prstom po mape a poprem\u00fd\u0161\u013eajte kam vyraz\u00edte najbli\u017e\u0161ie.<\/p><\/div><div class=\"uagb-cta__buttons\"><a href=\"https:\/\/regiongron.sk\/turisticka-a-cykloturisticka-mapa-spoznaj-stredne-pohronie\/\" class=\"uagb-cta__button-link-wrapper wp-block-button__link\" target=\"_blank\" rel=\"noopener noreferrer\">Turistick\u00e1 a cykloturistick\u00e1 mapa Regi\u00f3nu GRON<svg xmlns=\"https:\/\/www.w3.org\/2000\/svg\" viewBox=\"0 0 576 512\"><path d=\"M408 120C408 174.6 334.9 271.9 302.8 311.1C295.1 321.6 280.9 321.6 273.2 311.1C241.1 271.9 168 174.6 168 120C168 53.73 221.7 0 288 0C354.3 0 408 53.73 408 120zM288 152C310.1 152 328 134.1 328 112C328 89.91 310.1 72 288 72C265.9 72 248 89.91 248 112C248 134.1 265.9 152 288 152zM425.6 179.8C426.1 178.6 426.6 177.4 427.1 176.1L543.1 129.7C558.9 123.4 576 135 576 152V422.8C576 432.6 570 441.4 560.9 445.1L416 503V200.4C419.5 193.5 422.7 186.7 425.6 179.8zM150.4 179.8C153.3 186.7 156.5 193.5 160 200.4V451.8L32.91 502.7C17.15 508.1 0 497.4 0 480.4V209.6C0 199.8 5.975 190.1 15.09 187.3L137.6 138.3C140 152.5 144.9 166.6 150.4 179.8H150.4zM327.8 331.1C341.7 314.6 363.5 286.3 384 255V504.3L192 449.4V255C212.5 286.3 234.3 314.6 248.2 331.1C268.7 357.6 307.3 357.6 327.8 331.1L327.8 331.1z\"><\/path><\/svg><\/a><\/div><\/div>\n","protected":false},"excerpt":{"rendered":"<p>Discover our charming hills, forests, and rolling mountains Vt\u00e1\u010dnik, \u0160tiavnick\u00e9 vrchy or Pohronsk\u00fd Inovec, which attract you to short intense hikes, day trips and long-distance routes. There are more than 150 km of marked hiking trails in the region, where you surely do not come across many tourists.\u00a0 If you like to explore new places [&hellip;]<\/p>\n","protected":false},"author":2,"featured_media":15579,"parent":15269,"menu_order":10,"comment_status":"closed","ping_status":"closed","template":"","meta":{"_acf_changed":false,"inline_featured_image":false,"_uag_custom_page_level_css":"","footnotes":""},"class_list":["post-15282","page","type-page","status-publish","has-post-thumbnail","hentry"],"acf":[],"uagb_featured_image_src":{"full":["https:\/\/regiongron.sk\/en\/wp-content\/uploads\/2023\/02\/Velky-Inovec-1-scaled.jpg",2560,1707,false],"thumbnail":["https:\/\/regiongron.sk\/en\/wp-content\/uploads\/2023\/02\/Velky-Inovec-1-400x400.jpg",400,400,true],"medium":["https:\/\/regiongron.sk\/en\/wp-content\/uploads\/2023\/02\/Velky-Inovec-1-600x400.jpg",600,400,true],"medium_large":["https:\/\/regiongron.sk\/en\/wp-content\/uploads\/2023\/02\/Velky-Inovec-1-768x512.jpg",768,512,true],"large":["https:\/\/regiongron.sk\/en\/wp-content\/uploads\/2023\/02\/Velky-Inovec-1-1024x683.jpg",1024,683,true],"1536x1536":["https:\/\/regiongron.sk\/en\/wp-content\/uploads\/2023\/02\/Velky-Inovec-1-1536x1024.jpg",1536,1024,true],"2048x2048":["https:\/\/regiongron.sk\/en\/wp-content\/uploads\/2023\/02\/Velky-Inovec-1-2048x1365.jpg",2048,1365,true]},"uagb_author_info":{"display_name":"regiongron","author_link":"https:\/\/regiongron.sk\/en\/author\/regiongron\/"},"uagb_comment_info":0,"uagb_excerpt":"Discover our charming hills, forests, and rolling mountains Vt\u00e1\u010dnik, \u0160tiavnick\u00e9 vrchy or Pohronsk\u00fd Inovec, which attract you to short intense hikes, day trips and long-distance routes. There are more than 150 km of marked hiking trails in the region, where you surely do not come across many tourists.\u00a0 If you like to explore new places&hellip;","_links":{"self":[{"href":"https:\/\/regiongron.sk\/en\/wp-json\/wp\/v2\/pages\/15282","targetHints":{"allow":["GET"]}}],"collection":[{"href":"https:\/\/regiongron.sk\/en\/wp-json\/wp\/v2\/pages"}],"about":[{"href":"https:\/\/regiongron.sk\/en\/wp-json\/wp\/v2\/types\/page"}],"author":[{"embeddable":true,"href":"https:\/\/regiongron.sk\/en\/wp-json\/wp\/v2\/users\/2"}],"replies":[{"embeddable":true,"href":"https:\/\/regiongron.sk\/en\/wp-json\/wp\/v2\/comments?post=15282"}],"version-history":[{"count":26,"href":"https:\/\/regiongron.sk\/en\/wp-json\/wp\/v2\/pages\/15282\/revisions"}],"predecessor-version":[{"id":24099,"href":"https:\/\/regiongron.sk\/en\/wp-json\/wp\/v2\/pages\/15282\/revisions\/24099"}],"up":[{"embeddable":true,"href":"https:\/\/regiongron.sk\/en\/wp-json\/wp\/v2\/pages\/15269"}],"wp:featuredmedia":[{"embeddable":true,"href":"https:\/\/regiongron.sk\/en\/wp-json\/wp\/v2\/media\/15579"}],"wp:attachment":[{"href":"https:\/\/regiongron.sk\/en\/wp-json\/wp\/v2\/media?parent=15282"}],"curies":[{"name":"wp","href":"https:\/\/api.w.org\/{rel}","templated":true}]}}