{"id":15291,"date":"2023-02-16T16:15:38","date_gmt":"2023-02-16T15:15:38","guid":{"rendered":"https:\/\/new.regiongron.sk\/?page_id=15291"},"modified":"2025-03-21T15:00:01","modified_gmt":"2025-03-21T14:00:01","slug":"cyklotrasy-v-klakovskej-doline","status":"publish","type":"page","link":"https:\/\/regiongron.sk\/en\/spoznajte-region\/turistika-a-cyklotrasy\/cyklovylety\/cyklotrasy-v-klakovskej-doline\/","title":{"rendered":"Cycling holiday in the K\u013eak valley"},"content":{"rendered":"\n<figure class=\"wp-block-embed is-type-video is-provider-youtube wp-block-embed-youtube wp-embed-aspect-16-9 wp-has-aspect-ratio\"><div class=\"wp-block-embed__wrapper\">\n<iframe loading=\"lazy\" title=\"CYKLOTURISTIKA V K\u013dAKOVSKEJ DOLINE\" width=\"500\" height=\"281\" src=\"https:\/\/www.youtube.com\/embed\/fFrzswfBL-s?feature=oembed\" frameborder=\"0\" allow=\"accelerometer; autoplay; clipboard-write; encrypted-media; gyroscope; picture-in-picture; web-share\" referrerpolicy=\"strict-origin-when-cross-origin\" allowfullscreen><\/iframe>\n<\/div><\/figure>\n\n\n\n<p><strong>Cycling trails in the K\u013eak valley<\/strong> will delight those who cannot imagine their holiday without their two-wheeler. The village of P\u00edla is an important crossroads of cycling routes, where you can continue towards the <strong>Novobansko region<\/strong>, <strong>Vt\u00e1\u010dnik hill<\/strong>, but also to the Ve\u013ek\u00e9 Pole village.<\/p>\n\n\n\n<p>You can get on your bike as early as \u017darnovica. From \u017darnovica continue off the main road to the village of<strong> Horn\u00e9 H\u00e1mre<\/strong>, where you will turn towards the villages <strong>\u017dupkov<\/strong> or <strong>Ostr\u00fd Gr\u00fa\u0148<\/strong>. You will find yourself in the middle of the K\u013eak Valley, and can use <strong>our cycling map<\/strong> always placed in the middle of the village, or at the crossroads of cycling routes, to guide you.<\/p>\n\n\n\n<div class=\"wp-block-uagb-call-to-action uagb-block-3c6b2376 wp-block-button\"><div class=\"uagb-cta__wrap\"><h3 class=\"uagb-cta__title\">Aby ste na biku nezabl\u00fadili...<\/h3><p class=\"uagb-cta__desc\">Cyklomapu K\u013eakovskej doliny si m\u00f4\u017eete pozrie\u0165 aj online. Okrem samotn\u00fdch tr\u00e1s tu n\u00e1jdete inform\u00e1cie o mo\u017enostiach ob\u010derstvenia, ubytovania, ale aj o zauj\u00edmavostiach konkr\u00e9tnych tr\u00e1s. <\/p><\/div><div class=\"uagb-cta__buttons\"><a href=\"https:\/\/regiongron.sk\/cyklomapa-klakovskej-doliny-2022\/\" class=\"uagb-cta__button-link-wrapper wp-block-button__link\" target=\"_blank\" rel=\"noopener noreferrer\">Cyklomapa K\u013eakovskej doliny<svg xmlns=\"https:\/\/www.w3.org\/2000\/svg\" viewBox=\"0 0 576 512\"><path d=\"M408 120C408 174.6 334.9 271.9 302.8 311.1C295.1 321.6 280.9 321.6 273.2 311.1C241.1 271.9 168 174.6 168 120C168 53.73 221.7 0 288 0C354.3 0 408 53.73 408 120zM288 152C310.1 152 328 134.1 328 112C328 89.91 310.1 72 288 72C265.9 72 248 89.91 248 112C248 134.1 265.9 152 288 152zM425.6 179.8C426.1 178.6 426.6 177.4 427.1 176.1L543.1 129.7C558.9 123.4 576 135 576 152V422.8C576 432.6 570 441.4 560.9 445.1L416 503V200.4C419.5 193.5 422.7 186.7 425.6 179.8zM150.4 179.8C153.3 186.7 156.5 193.5 160 200.4V451.8L32.91 502.7C17.15 508.1 0 497.4 0 480.4V209.6C0 199.8 5.975 190.1 15.09 187.3L137.6 138.3C140 152.5 144.9 166.6 150.4 179.8H150.4zM327.8 331.1C341.7 314.6 363.5 286.3 384 255V504.3L192 449.4V255C212.5 286.3 234.3 314.6 248.2 331.1C268.7 357.6 307.3 357.6 327.8 331.1L327.8 331.1z\"><\/path><\/svg><\/a><\/div><\/div>\n","protected":false},"excerpt":{"rendered":"<p>Cycling trails in the K\u013eak valley will delight those who cannot imagine their holiday without their two-wheeler. The village of P\u00edla is an important crossroads of cycling routes, where you can continue towards the Novobansko region, Vt\u00e1\u010dnik hill, but also to the Ve\u013ek\u00e9 Pole village. You can get on your bike as early as \u017darnovica. [&hellip;]<\/p>\n","protected":false},"author":2,"featured_media":16182,"parent":15288,"menu_order":13,"comment_status":"closed","ping_status":"closed","template":"","meta":{"_acf_changed":false,"inline_featured_image":false,"_uag_custom_page_level_css":"","footnotes":""},"class_list":["post-15291","page","type-page","status-publish","has-post-thumbnail","hentry"],"acf":[],"uagb_featured_image_src":{"full":["https:\/\/regiongron.sk\/en\/wp-content\/uploads\/2023\/02\/IMG_5427-scaled.jpg",2560,1707,false],"thumbnail":["https:\/\/regiongron.sk\/en\/wp-content\/uploads\/2023\/02\/IMG_5427-400x400.jpg",400,400,true],"medium":["https:\/\/regiongron.sk\/en\/wp-content\/uploads\/2023\/02\/IMG_5427-600x400.jpg",600,400,true],"medium_large":["https:\/\/regiongron.sk\/en\/wp-content\/uploads\/2023\/02\/IMG_5427-768x512.jpg",768,512,true],"large":["https:\/\/regiongron.sk\/en\/wp-content\/uploads\/2023\/02\/IMG_5427-1024x683.jpg",1024,683,true],"1536x1536":["https:\/\/regiongron.sk\/en\/wp-content\/uploads\/2023\/02\/IMG_5427-1536x1024.jpg",1536,1024,true],"2048x2048":["https:\/\/regiongron.sk\/en\/wp-content\/uploads\/2023\/02\/IMG_5427-2048x1365.jpg",2048,1365,true]},"uagb_author_info":{"display_name":"regiongron","author_link":"https:\/\/regiongron.sk\/en\/author\/regiongron\/"},"uagb_comment_info":0,"uagb_excerpt":"Cycling trails in the K\u013eak valley will delight those who cannot imagine their holiday without their two-wheeler. The village of P\u00edla is an important crossroads of cycling routes, where you can continue towards the Novobansko region, Vt\u00e1\u010dnik hill, but also to the Ve\u013ek\u00e9 Pole village. You can get on your bike as early as \u017darnovica.&hellip;","_links":{"self":[{"href":"https:\/\/regiongron.sk\/en\/wp-json\/wp\/v2\/pages\/15291","targetHints":{"allow":["GET"]}}],"collection":[{"href":"https:\/\/regiongron.sk\/en\/wp-json\/wp\/v2\/pages"}],"about":[{"href":"https:\/\/regiongron.sk\/en\/wp-json\/wp\/v2\/types\/page"}],"author":[{"embeddable":true,"href":"https:\/\/regiongron.sk\/en\/wp-json\/wp\/v2\/users\/2"}],"replies":[{"embeddable":true,"href":"https:\/\/regiongron.sk\/en\/wp-json\/wp\/v2\/comments?post=15291"}],"version-history":[{"count":13,"href":"https:\/\/regiongron.sk\/en\/wp-json\/wp\/v2\/pages\/15291\/revisions"}],"predecessor-version":[{"id":24104,"href":"https:\/\/regiongron.sk\/en\/wp-json\/wp\/v2\/pages\/15291\/revisions\/24104"}],"up":[{"embeddable":true,"href":"https:\/\/regiongron.sk\/en\/wp-json\/wp\/v2\/pages\/15288"}],"wp:featuredmedia":[{"embeddable":true,"href":"https:\/\/regiongron.sk\/en\/wp-json\/wp\/v2\/media\/16182"}],"wp:attachment":[{"href":"https:\/\/regiongron.sk\/en\/wp-json\/wp\/v2\/media?parent=15291"}],"curies":[{"name":"wp","href":"https:\/\/api.w.org\/{rel}","templated":true}]}}