{"id":15304,"date":"2023-02-16T16:25:34","date_gmt":"2023-02-16T15:25:34","guid":{"rendered":"https:\/\/new.regiongron.sk\/?page_id=15304"},"modified":"2025-03-21T15:36:02","modified_gmt":"2025-03-21T14:36:02","slug":"naucne-chodniky","status":"publish","type":"page","link":"https:\/\/regiongron.sk\/en\/spoznajte-region\/turistika-a-cyklotrasy\/naucne-chodniky\/","title":{"rendered":"Educational trails"},"content":{"rendered":"\n<p><strong>Fresh air<\/strong> and sport activity combined with learning? Sounds good, doesn't it? And it is indeed an accurate description of the <strong>nature trails in the central GRON region.<\/strong> We offer several interesting educational trails with different focuses. Let yourself be tempted by a walk with <strong>unforgettable views, unusual flora<\/strong> and geological formations, or <strong>the regional history<\/strong>.\u00a0<\/p>\n\n\n\n<p><strong>The oldest educational trail in the region <\/strong>awaits you near Nov\u00e1 Ba\u0148a, to take you to the Voj\u0161\u00edn hill and the Andesite Stone Sea in Mal\u00e1 Lehota. Another option is to take a stroll along one of the Mining Educational Trails, which offer guided walks during the tourist season. Visit the area known as Zvoni\u010dka, or walk in the footsteps of bandits. The educational trail <strong>\"Zbojn\u00edck\u00e9 studni\u010dky\" (Bandits' wells)<\/strong> will lead you to the unique Teich lake on the right bank of the Hron river \u2013 <strong>\"Novobansk\u00fd Tajch\"<\/strong>. You can get some <strong>refreshment <\/strong>here.<\/p>\n\n\n\n<p>We recommend the <strong>\"Penzi\u00f3n Tajch\"<\/strong> guesthouse right on the lake shore. Take a walk on the nature trail from the town of \u017diar nad Hronom to <strong>\u0160\u00e1\u0161ov Castle. <\/strong>The trail narrates the history of nearby villages and the castle itself during a quaint 90-minute walk.<\/p>\n\n\n\n<p><strong>Barbora's Trail<\/strong> is a thematic hiking trail across the eastern part of the central GRON region. Since 2022, it has been considered an official signposted nature trail. It crosses the GRON region in<strong> \u0160\u00e1\u0161ovsk\u00e9 Podhradie <\/strong>on its way to the spa village of Sklen\u00e9 Teplice, Repi\u0161te, and the city of Bansk\u00e1 \u0160tiavnica.<\/p>\n\n\n\n<p><\/p>\n\n\n\n<figure class=\"wp-block-embed is-type-video is-provider-youtube wp-block-embed-youtube wp-embed-aspect-16-9 wp-has-aspect-ratio\"><div class=\"wp-block-embed__wrapper\">\n<iframe loading=\"lazy\" title=\"S BAN\u00cdKOM ZA HIST\u00d3RIOU - KOMENTOVAN\u00c1 VYCH\u00c1DZKA V NOVEJ BANI\" width=\"500\" height=\"281\" src=\"https:\/\/www.youtube.com\/embed\/zO5lsf5htOM?feature=oembed\" frameborder=\"0\" allow=\"accelerometer; autoplay; clipboard-write; encrypted-media; gyroscope; picture-in-picture; web-share\" referrerpolicy=\"strict-origin-when-cross-origin\" allowfullscreen><\/iframe>\n<\/div><\/figure>\n\n\n\n<p><strong>The longest educational trail <\/strong>is 32 km long. Its name is comparably long \u2013 <strong>\"In the footsteps of the forest railway of the K\u013eak valley\"<\/strong>. The trail starts in \u017darnovica and leads to the <a href=\"https:\/\/regiongron.sk\/en\/pokutsky-most\/\" data-type=\"post\" data-id=\"582\"><strong>Pok\u00faty valley<\/strong>,<\/a> with most of the route following the route of the forest railway, which in the past transported timber from the surrounding mountains.<\/p>\n\n\n\n<p><strong>Barbora's Trail<\/strong> is a thematic hiking trail across the eastern part of the central GRON region. Since 2022, it has been considered an official signposted nature trail. It crosses the GRON region in <strong>\u0160\u00e1\u0161ovsk\u00e9 Podhradie<\/strong> on its way to the spa village of <strong>Sklen\u00e9 Teplice, Repi\u0161te<\/strong>, and the city of Bansk\u00e1 \u0160tiavnica.<br><\/p>\n\n\n\n<p><\/p>\n","protected":false},"excerpt":{"rendered":"<p>Fresh air and sport activity combined with learning? Sounds good, doesn't it? And it is indeed an accurate description of the nature trails in the central GRON region. We offer several interesting educational trails with different focuses. Let yourself be tempted by a walk with unforgettable views, unusual flora and geological formations, or the regional [&hellip;]<\/p>\n","protected":false},"author":2,"featured_media":15619,"parent":15282,"menu_order":18,"comment_status":"closed","ping_status":"closed","template":"","meta":{"_acf_changed":false,"inline_featured_image":false,"_uag_custom_page_level_css":"","footnotes":""},"class_list":["post-15304","page","type-page","status-publish","has-post-thumbnail","hentry"],"acf":[],"uagb_featured_image_src":{"full":["https:\/\/regiongron.sk\/en\/wp-content\/uploads\/2023\/02\/nb_vojsin_chodn_ic_082-scaled.jpg",2560,1690,false],"thumbnail":["https:\/\/regiongron.sk\/en\/wp-content\/uploads\/2023\/02\/nb_vojsin_chodn_ic_082-400x400.jpg",400,400,true],"medium":["https:\/\/regiongron.sk\/en\/wp-content\/uploads\/2023\/02\/nb_vojsin_chodn_ic_082-600x396.jpg",600,396,true],"medium_large":["https:\/\/regiongron.sk\/en\/wp-content\/uploads\/2023\/02\/nb_vojsin_chodn_ic_082-768x507.jpg",768,507,true],"large":["https:\/\/regiongron.sk\/en\/wp-content\/uploads\/2023\/02\/nb_vojsin_chodn_ic_082-1024x676.jpg",1024,676,true],"1536x1536":["https:\/\/regiongron.sk\/en\/wp-content\/uploads\/2023\/02\/nb_vojsin_chodn_ic_082-1536x1014.jpg",1536,1014,true],"2048x2048":["https:\/\/regiongron.sk\/en\/wp-content\/uploads\/2023\/02\/nb_vojsin_chodn_ic_082-2048x1352.jpg",2048,1352,true]},"uagb_author_info":{"display_name":"regiongron","author_link":"https:\/\/regiongron.sk\/en\/author\/regiongron\/"},"uagb_comment_info":0,"uagb_excerpt":"Fresh air and sport activity combined with learning? Sounds good, doesn't it? And it is indeed an accurate description of the nature trails in the central GRON region. We offer several interesting educational trails with different focuses. Let yourself be tempted by a walk with unforgettable views, unusual flora and geological formations, or the regional&hellip;","_links":{"self":[{"href":"https:\/\/regiongron.sk\/en\/wp-json\/wp\/v2\/pages\/15304","targetHints":{"allow":["GET"]}}],"collection":[{"href":"https:\/\/regiongron.sk\/en\/wp-json\/wp\/v2\/pages"}],"about":[{"href":"https:\/\/regiongron.sk\/en\/wp-json\/wp\/v2\/types\/page"}],"author":[{"embeddable":true,"href":"https:\/\/regiongron.sk\/en\/wp-json\/wp\/v2\/users\/2"}],"replies":[{"embeddable":true,"href":"https:\/\/regiongron.sk\/en\/wp-json\/wp\/v2\/comments?post=15304"}],"version-history":[{"count":12,"href":"https:\/\/regiongron.sk\/en\/wp-json\/wp\/v2\/pages\/15304\/revisions"}],"predecessor-version":[{"id":24114,"href":"https:\/\/regiongron.sk\/en\/wp-json\/wp\/v2\/pages\/15304\/revisions\/24114"}],"up":[{"embeddable":true,"href":"https:\/\/regiongron.sk\/en\/wp-json\/wp\/v2\/pages\/15282"}],"wp:featuredmedia":[{"embeddable":true,"href":"https:\/\/regiongron.sk\/en\/wp-json\/wp\/v2\/media\/15619"}],"wp:attachment":[{"href":"https:\/\/regiongron.sk\/en\/wp-json\/wp\/v2\/media?parent=15304"}],"curies":[{"name":"wp","href":"https:\/\/api.w.org\/{rel}","templated":true}]}}