{"id":15220,"date":"2023-02-15T12:38:47","date_gmt":"2023-02-15T11:38:47","guid":{"rendered":"https:\/\/new.regiongron.sk\/?page_id=15220"},"modified":"2023-09-07T09:45:12","modified_gmt":"2023-09-07T07:45:12","slug":"clenstvo-v-oocr","status":"publish","type":"page","link":"https:\/\/regiongron.sk\/hu\/clenstvo-v-oocr\/","title":{"rendered":"\u010clenstvo v OOCR"},"content":{"rendered":"\n<h1 class=\"wp-block-heading\"><\/h1>\n\n\n\n<p>Stanovy OOCR Regi\u00f3n GRON:\u00a0<strong><a href=\"https:\/\/drive.google.com\/file\/d\/1wDRGKyDRbutUqjpiFCLfCwLvVepoaH39\/view?usp=sharing\" target=\"_blank\" rel=\"noreferrer noopener\">Dostupn\u00e9 TU<\/a><\/strong><\/p>\n\n\n\n<p>Prihl\u00e1\u0161ka k \u010dlenstvu v OOCR Regi\u00f3n GRON:&nbsp;<strong><a href=\"https:\/\/drive.google.com\/drive\/folders\/1ext7e2NBA121ufarP3lCrHMdE2DzP9HZ?usp=sharing\" target=\"_blank\" rel=\"noreferrer noopener\">Dostupn\u00e1 TU<\/a><\/strong><\/p>\n\n\n\n<p>V pr\u00edpade, \u017ee o \u010dlenstvo \u017eiada obec, je potrebn\u00e9 k prihl\u00e1\u0161ke prilo\u017ei\u0165 v\u00fdpis z uznesenia obecn\u00e9ho zastupite\u013estva, ktor\u00e9 schv\u00e1lilo vstup do OOCR a \u010fal\u0161ie n\u00e1le\u017eitosti.&nbsp;<strong><a href=\"https:\/\/drive.google.com\/drive\/folders\/1ext7e2NBA121ufarP3lCrHMdE2DzP9HZ?usp=sharing\" target=\"_blank\" rel=\"noreferrer noopener\">Vzor TU<\/a><\/strong><\/p>\n","protected":false},"excerpt":{"rendered":"<p>Stanovy OOCR Regi\u00f3n GRON:\u00a0Dostupn\u00e9 TU Prihl\u00e1\u0161ka k \u010dlenstvu v OOCR Regi\u00f3n GRON:&nbsp;Dostupn\u00e1 TU V pr\u00edpade, \u017ee o \u010dlenstvo \u017eiada obec, je potrebn\u00e9 k prihl\u00e1\u0161ke prilo\u017ei\u0165 v\u00fdpis z uznesenia obecn\u00e9ho zastupite\u013estva, ktor\u00e9 schv\u00e1lilo vstup do OOCR a \u010fal\u0161ie n\u00e1le\u017eitosti.&nbsp;Vzor TU<\/p>\n","protected":false},"author":2,"featured_media":0,"parent":0,"menu_order":44,"comment_status":"closed","ping_status":"closed","template":"","meta":{"_acf_changed":false,"inline_featured_image":false,"_uag_custom_page_level_css":"","footnotes":""},"class_list":["post-15220","page","type-page","status-publish","hentry"],"acf":[],"uagb_featured_image_src":{"full":false,"thumbnail":false,"medium":false,"medium_large":false,"large":false,"1536x1536":false,"2048x2048":false},"uagb_author_info":{"display_name":"regiongron","author_link":"https:\/\/regiongron.sk\/hu\/author\/regiongron\/"},"uagb_comment_info":0,"uagb_excerpt":"Stanovy OOCR Regi\u00f3n GRON:\u00a0Dostupn\u00e9 TU Prihl\u00e1\u0161ka k \u010dlenstvu v OOCR Regi\u00f3n GRON:&nbsp;Dostupn\u00e1 TU V pr\u00edpade, \u017ee o \u010dlenstvo \u017eiada obec, je potrebn\u00e9 k prihl\u00e1\u0161ke prilo\u017ei\u0165 v\u00fdpis z uznesenia obecn\u00e9ho zastupite\u013estva, ktor\u00e9 schv\u00e1lilo vstup do OOCR a \u010fal\u0161ie n\u00e1le\u017eitosti.&nbsp;Vzor TU","_links":{"self":[{"href":"https:\/\/regiongron.sk\/hu\/wp-json\/wp\/v2\/pages\/15220","targetHints":{"allow":["GET"]}}],"collection":[{"href":"https:\/\/regiongron.sk\/hu\/wp-json\/wp\/v2\/pages"}],"about":[{"href":"https:\/\/regiongron.sk\/hu\/wp-json\/wp\/v2\/types\/page"}],"author":[{"embeddable":true,"href":"https:\/\/regiongron.sk\/hu\/wp-json\/wp\/v2\/users\/2"}],"replies":[{"embeddable":true,"href":"https:\/\/regiongron.sk\/hu\/wp-json\/wp\/v2\/comments?post=15220"}],"version-history":[{"count":3,"href":"https:\/\/regiongron.sk\/hu\/wp-json\/wp\/v2\/pages\/15220\/revisions"}],"predecessor-version":[{"id":20362,"href":"https:\/\/regiongron.sk\/hu\/wp-json\/wp\/v2\/pages\/15220\/revisions\/20362"}],"wp:attachment":[{"href":"https:\/\/regiongron.sk\/hu\/wp-json\/wp\/v2\/media?parent=15220"}],"curies":[{"name":"wp","href":"https:\/\/api.w.org\/{rel}","templated":true}]}}