{"id":15300,"date":"2023-02-16T16:22:35","date_gmt":"2023-02-16T15:22:35","guid":{"rendered":"https:\/\/new.regiongron.sk\/?page_id=15300"},"modified":"2025-04-11T15:15:43","modified_gmt":"2025-04-11T13:15:43","slug":"novobanske-cyklookruhy","status":"publish","type":"page","link":"https:\/\/regiongron.sk\/hu\/spoznajte-region\/turistika-a-cyklotrasy\/cyklovylety\/novobanske-cyklookruhy\/","title":{"rendered":"Ker\u00e9kp\u00e1rutak \u00dajb\u00e1nyai r\u00e9gi\u00f3ban"},"content":{"rendered":"\n<p>\u00dajb\u00e1nya k\u00f6rny\u00e9k\u00e9n t\u00f6bb ker\u00e9kp\u00e1r k\u00f6rutat is tal\u00e1l, mindegyik\u00fck \u00e1tszeli a v\u00e1rost. \u00dajb\u00e1nya \u00e9s k\u00f6rny\u00e9ke terepe meglep\u0151en v\u00e1ltozatos, \u00e9s sok \u00e9rdekess\u00e9get tartogat b\u00e1ny\u00e1szati m\u00faltja is, amelynek nyomai ezeken a dombokon sok helyen m\u00e1ig l\u00e1that\u00f3k. Amennyiben t\u00f6bb napra l\u00e1togat meg minket, miut\u00e1n v\u00e9gigkerekezte az \u00fajb\u00e1nyai ker\u00e9kp\u00e1rutakat, javasoljuk a Kostivrch major \u00e9s a K\u013eakovsk\u00e1 dolina k\u00f6z\u00f6tti \u00f6sszek\u00f6t\u0151t, melyen folytathatja a felfedez\u0151utat.<\/p>\n","protected":false},"excerpt":{"rendered":"<p>\u00dajb\u00e1nya k\u00f6rny\u00e9k\u00e9n t\u00f6bb ker\u00e9kp\u00e1r k\u00f6rutat is tal\u00e1l, mindegyik\u00fck \u00e1tszeli a v\u00e1rost. \u00dajb\u00e1nya \u00e9s k\u00f6rny\u00e9ke terepe meglep\u0151en v\u00e1ltozatos, \u00e9s sok \u00e9rdekess\u00e9get tartogat b\u00e1ny\u00e1szati m\u00faltja is, amelynek nyomai ezeken a dombokon sok helyen m\u00e1ig l\u00e1that\u00f3k. Amennyiben t\u00f6bb napra l\u00e1togat meg minket, miut\u00e1n v\u00e9gigkerekezte az \u00fajb\u00e1nyai ker\u00e9kp\u00e1rutakat, javasoljuk a Kostivrch major \u00e9s a K\u013eakovsk\u00e1 dolina k\u00f6z\u00f6tti \u00f6sszek\u00f6t\u0151t, melyen [&hellip;]<\/p>\n","protected":false},"author":2,"featured_media":16027,"parent":15288,"menu_order":14,"comment_status":"closed","ping_status":"closed","template":"","meta":{"_acf_changed":false,"inline_featured_image":false,"_uag_custom_page_level_css":"","footnotes":""},"class_list":["post-15300","page","type-page","status-publish","has-post-thumbnail","hentry"],"acf":[],"uagb_featured_image_src":{"full":["https:\/\/regiongron.sk\/hu\/wp-content\/uploads\/2023\/02\/Starohutsky-vodopad-Peter-Cakovsky-1.jpg",1000,667,false],"thumbnail":["https:\/\/regiongron.sk\/hu\/wp-content\/uploads\/2023\/02\/Starohutsky-vodopad-Peter-Cakovsky-1-400x400.jpg",400,400,true],"medium":["https:\/\/regiongron.sk\/hu\/wp-content\/uploads\/2023\/02\/Starohutsky-vodopad-Peter-Cakovsky-1-600x400.jpg",600,400,true],"medium_large":["https:\/\/regiongron.sk\/hu\/wp-content\/uploads\/2023\/02\/Starohutsky-vodopad-Peter-Cakovsky-1-768x512.jpg",768,512,true],"large":["https:\/\/regiongron.sk\/hu\/wp-content\/uploads\/2023\/02\/Starohutsky-vodopad-Peter-Cakovsky-1.jpg",1000,667,false],"1536x1536":["https:\/\/regiongron.sk\/hu\/wp-content\/uploads\/2023\/02\/Starohutsky-vodopad-Peter-Cakovsky-1.jpg",1000,667,false],"2048x2048":["https:\/\/regiongron.sk\/hu\/wp-content\/uploads\/2023\/02\/Starohutsky-vodopad-Peter-Cakovsky-1.jpg",1000,667,false]},"uagb_author_info":{"display_name":"regiongron","author_link":"https:\/\/regiongron.sk\/hu\/author\/regiongron\/"},"uagb_comment_info":0,"uagb_excerpt":"\u00dajb\u00e1nya k\u00f6rny\u00e9k\u00e9n t\u00f6bb ker\u00e9kp\u00e1r k\u00f6rutat is tal\u00e1l, mindegyik\u00fck \u00e1tszeli a v\u00e1rost. \u00dajb\u00e1nya \u00e9s k\u00f6rny\u00e9ke terepe meglep\u0151en v\u00e1ltozatos, \u00e9s sok \u00e9rdekess\u00e9get tartogat b\u00e1ny\u00e1szati m\u00faltja is, amelynek nyomai ezeken a dombokon sok helyen m\u00e1ig l\u00e1that\u00f3k. Amennyiben t\u00f6bb napra l\u00e1togat meg minket, miut\u00e1n v\u00e9gigkerekezte az \u00fajb\u00e1nyai ker\u00e9kp\u00e1rutakat, javasoljuk a Kostivrch major \u00e9s a K\u013eakovsk\u00e1 dolina k\u00f6z\u00f6tti \u00f6sszek\u00f6t\u0151t, melyen&hellip;","_links":{"self":[{"href":"https:\/\/regiongron.sk\/hu\/wp-json\/wp\/v2\/pages\/15300","targetHints":{"allow":["GET"]}}],"collection":[{"href":"https:\/\/regiongron.sk\/hu\/wp-json\/wp\/v2\/pages"}],"about":[{"href":"https:\/\/regiongron.sk\/hu\/wp-json\/wp\/v2\/types\/page"}],"author":[{"embeddable":true,"href":"https:\/\/regiongron.sk\/hu\/wp-json\/wp\/v2\/users\/2"}],"replies":[{"embeddable":true,"href":"https:\/\/regiongron.sk\/hu\/wp-json\/wp\/v2\/comments?post=15300"}],"version-history":[{"count":8,"href":"https:\/\/regiongron.sk\/hu\/wp-json\/wp\/v2\/pages\/15300\/revisions"}],"predecessor-version":[{"id":24176,"href":"https:\/\/regiongron.sk\/hu\/wp-json\/wp\/v2\/pages\/15300\/revisions\/24176"}],"up":[{"embeddable":true,"href":"https:\/\/regiongron.sk\/hu\/wp-json\/wp\/v2\/pages\/15288"}],"wp:featuredmedia":[{"embeddable":true,"href":"https:\/\/regiongron.sk\/hu\/wp-json\/wp\/v2\/media\/16027"}],"wp:attachment":[{"href":"https:\/\/regiongron.sk\/hu\/wp-json\/wp\/v2\/media?parent=15300"}],"curies":[{"name":"wp","href":"https:\/\/api.w.org\/{rel}","templated":true}]}}