{"id":18732,"date":"2023-04-03T11:19:35","date_gmt":"2023-04-03T09:19:35","guid":{"rendered":"https:\/\/regiongron.sk\/?page_id=18732"},"modified":"2023-04-05T15:30:24","modified_gmt":"2023-04-05T13:30:24","slug":"infocentrum","status":"publish","type":"page","link":"https:\/\/regiongron.sk\/hu\/sluzby\/infocentrum\/","title":{"rendered":"Infocentrum Sklen\u00e9 Teplice"},"content":{"rendered":"\n<figure class=\"wp-block-image size-large\"><img loading=\"lazy\" decoding=\"async\" width=\"1024\" height=\"1024\" src=\"https:\/\/regiongron.sk\/wp-content\/uploads\/2023\/04\/338156785_599815342097606_1885660270512459435_n-1024x1024.png\" alt=\"\" class=\"wp-image-18793\" srcset=\"https:\/\/regiongron.sk\/hu\/wp-content\/uploads\/2023\/04\/338156785_599815342097606_1885660270512459435_n-1024x1024.png 1024w, https:\/\/regiongron.sk\/hu\/wp-content\/uploads\/2023\/04\/338156785_599815342097606_1885660270512459435_n-600x600.png 600w, https:\/\/regiongron.sk\/hu\/wp-content\/uploads\/2023\/04\/338156785_599815342097606_1885660270512459435_n-400x400.png 400w, https:\/\/regiongron.sk\/hu\/wp-content\/uploads\/2023\/04\/338156785_599815342097606_1885660270512459435_n-768x768.png 768w, https:\/\/regiongron.sk\/hu\/wp-content\/uploads\/2023\/04\/338156785_599815342097606_1885660270512459435_n.png 1365w\" sizes=\"auto, (max-width: 1024px) 100vw, 1024px\" \/><\/figure>\n\n\n\n<p>Infocentrum, ktor\u00e9 bolo otvoren\u00e9 za\u010diatkom roka 2023 sa nach\u00e1dza v are\u00e1li <a rel=\"noreferrer noopener\" href=\"https:\/\/www.kupele-skleneteplice.sk\/sk\" data-type=\"URL\" data-id=\"https:\/\/www.kupele-skleneteplice.sk\/sk\" target=\"_blank\">K\u00fape\u013eov Sklen\u00e9 Teplice<\/a> oproti K\u00fape\u013en\u00e9mu domu M\u00e1rie Ter\u00e9zie.<\/p>\n\n\n\n<p><strong>Infocentrum poskytuje:<\/strong><\/p>\n\n\n\n<ul class=\"wp-block-list\">\n<li>Rezerv\u00e1cie a predaj lie\u010debn\u00fdch proced\u00far a vstupov do k\u00fape\u013eov<\/li>\n<\/ul>\n\n\n\n<ul class=\"wp-block-list\">\n<li>Predaj suven\u00edrov priamo od lok\u00e1lnych v\u00fdrobcov z okolia \u017diaru nad Hronom a Banskej \u0160tiavnice<\/li>\n<\/ul>\n\n\n\n<ul class=\"wp-block-list\">\n<li>Inform\u00e1cie o mo\u017enostiach tr\u00e1venia vo\u013en\u00e9ho \u010dasu v k\u00fape\u013eoch a ich okol\u00ed<\/li>\n\n\n\n<li>Propaga\u010dn\u00e9 materi\u00e1ly Regi\u00f3nu GRON - turistick\u00e1 bro\u017e\u00fara, mapa<\/li>\n<\/ul>\n\n\n\n<p><strong>Otv\u00e1racie hodiny infocentra: <\/strong>ka\u017ed\u00fd de\u0148 od 9:00 do 19:00 hod.<\/p>\n\n\n\n<p>Inform\u00e1cie o dostupnosti a rezerv\u00e1cie proced\u00far z\u00edskate aj na tel. \u010d\u00edsle 0905 500 699<\/p>\n\n\n\n<figure class=\"wp-block-gallery has-nested-images columns-4 is-cropped wp-block-gallery-1 is-layout-flex wp-block-gallery-is-layout-flex\">\n<figure class=\"wp-block-image size-large\"><img loading=\"lazy\" decoding=\"async\" width=\"1024\" height=\"683\" data-id=\"18797\" src=\"https:\/\/regiongron.sk\/wp-content\/uploads\/2023\/04\/336680895_1441719576565525_5315007051720178777_n-1024x683.jpg\" alt=\"infocentrum a obchod so suven\u00edrmi kupele sklene teplice\" class=\"wp-image-18797\" srcset=\"https:\/\/regiongron.sk\/hu\/wp-content\/uploads\/2023\/04\/336680895_1441719576565525_5315007051720178777_n-1024x683.jpg 1024w, https:\/\/regiongron.sk\/hu\/wp-content\/uploads\/2023\/04\/336680895_1441719576565525_5315007051720178777_n-600x400.jpg 600w, https:\/\/regiongron.sk\/hu\/wp-content\/uploads\/2023\/04\/336680895_1441719576565525_5315007051720178777_n-768x512.jpg 768w, https:\/\/regiongron.sk\/hu\/wp-content\/uploads\/2023\/04\/336680895_1441719576565525_5315007051720178777_n-1536x1024.jpg 1536w, https:\/\/regiongron.sk\/hu\/wp-content\/uploads\/2023\/04\/336680895_1441719576565525_5315007051720178777_n.jpg 2048w\" sizes=\"auto, (max-width: 1024px) 100vw, 1024px\" \/><\/figure>\n\n\n\n<figure class=\"wp-block-image size-large\"><img loading=\"lazy\" decoding=\"async\" width=\"1024\" height=\"683\" data-id=\"18794\" src=\"https:\/\/regiongron.sk\/wp-content\/uploads\/2023\/04\/336916620_715242663632776_4805272844404086271_n-1024x683.jpg\" alt=\"infocentrum a obchod so suven\u00edrmi kupele sklene teplice\" class=\"wp-image-18794\" srcset=\"https:\/\/regiongron.sk\/hu\/wp-content\/uploads\/2023\/04\/336916620_715242663632776_4805272844404086271_n-1024x683.jpg 1024w, https:\/\/regiongron.sk\/hu\/wp-content\/uploads\/2023\/04\/336916620_715242663632776_4805272844404086271_n-600x400.jpg 600w, https:\/\/regiongron.sk\/hu\/wp-content\/uploads\/2023\/04\/336916620_715242663632776_4805272844404086271_n-768x512.jpg 768w, https:\/\/regiongron.sk\/hu\/wp-content\/uploads\/2023\/04\/336916620_715242663632776_4805272844404086271_n-1536x1024.jpg 1536w, https:\/\/regiongron.sk\/hu\/wp-content\/uploads\/2023\/04\/336916620_715242663632776_4805272844404086271_n.jpg 2048w\" sizes=\"auto, (max-width: 1024px) 100vw, 1024px\" \/><\/figure>\n\n\n\n<figure class=\"wp-block-image size-large\"><img loading=\"lazy\" decoding=\"async\" width=\"1024\" height=\"683\" data-id=\"18795\" src=\"https:\/\/regiongron.sk\/wp-content\/uploads\/2023\/04\/337031388_908531933692077_6326500873990341271_n-1024x683.jpg\" alt=\"infocentrum a obchod so suven\u00edrmi kupele sklene teplice\" class=\"wp-image-18795\" srcset=\"https:\/\/regiongron.sk\/hu\/wp-content\/uploads\/2023\/04\/337031388_908531933692077_6326500873990341271_n-1024x683.jpg 1024w, https:\/\/regiongron.sk\/hu\/wp-content\/uploads\/2023\/04\/337031388_908531933692077_6326500873990341271_n-600x400.jpg 600w, https:\/\/regiongron.sk\/hu\/wp-content\/uploads\/2023\/04\/337031388_908531933692077_6326500873990341271_n-768x512.jpg 768w, https:\/\/regiongron.sk\/hu\/wp-content\/uploads\/2023\/04\/337031388_908531933692077_6326500873990341271_n-1536x1024.jpg 1536w, https:\/\/regiongron.sk\/hu\/wp-content\/uploads\/2023\/04\/337031388_908531933692077_6326500873990341271_n.jpg 2048w\" sizes=\"auto, (max-width: 1024px) 100vw, 1024px\" \/><\/figure>\n\n\n\n<figure class=\"wp-block-image size-large\"><img loading=\"lazy\" decoding=\"async\" width=\"1024\" height=\"683\" data-id=\"18798\" src=\"https:\/\/regiongron.sk\/wp-content\/uploads\/2023\/04\/337098165_5970322756377566_3620567949975887219_n-1024x683.jpg\" alt=\"infocentrum a obchod so suven\u00edrmi kupele sklene teplice\" class=\"wp-image-18798\" srcset=\"https:\/\/regiongron.sk\/hu\/wp-content\/uploads\/2023\/04\/337098165_5970322756377566_3620567949975887219_n-1024x683.jpg 1024w, https:\/\/regiongron.sk\/hu\/wp-content\/uploads\/2023\/04\/337098165_5970322756377566_3620567949975887219_n-600x400.jpg 600w, https:\/\/regiongron.sk\/hu\/wp-content\/uploads\/2023\/04\/337098165_5970322756377566_3620567949975887219_n-768x512.jpg 768w, https:\/\/regiongron.sk\/hu\/wp-content\/uploads\/2023\/04\/337098165_5970322756377566_3620567949975887219_n-1536x1024.jpg 1536w, https:\/\/regiongron.sk\/hu\/wp-content\/uploads\/2023\/04\/337098165_5970322756377566_3620567949975887219_n.jpg 2048w\" sizes=\"auto, (max-width: 1024px) 100vw, 1024px\" \/><\/figure>\n\n\n\n<figure class=\"wp-block-image size-large\"><img loading=\"lazy\" decoding=\"async\" width=\"1024\" height=\"683\" data-id=\"18800\" src=\"https:\/\/regiongron.sk\/wp-content\/uploads\/2023\/04\/337168443_744509163876752_7537358531133977443_n-1-1024x683.jpg\" alt=\"infocentrum a obchod so suven\u00edrmi kupele sklene teplice\" class=\"wp-image-18800\" srcset=\"https:\/\/regiongron.sk\/hu\/wp-content\/uploads\/2023\/04\/337168443_744509163876752_7537358531133977443_n-1-1024x683.jpg 1024w, https:\/\/regiongron.sk\/hu\/wp-content\/uploads\/2023\/04\/337168443_744509163876752_7537358531133977443_n-1-600x400.jpg 600w, https:\/\/regiongron.sk\/hu\/wp-content\/uploads\/2023\/04\/337168443_744509163876752_7537358531133977443_n-1-768x512.jpg 768w, https:\/\/regiongron.sk\/hu\/wp-content\/uploads\/2023\/04\/337168443_744509163876752_7537358531133977443_n-1-1536x1024.jpg 1536w, https:\/\/regiongron.sk\/hu\/wp-content\/uploads\/2023\/04\/337168443_744509163876752_7537358531133977443_n-1.jpg 2048w\" sizes=\"auto, (max-width: 1024px) 100vw, 1024px\" \/><\/figure>\n\n\n\n<figure class=\"wp-block-image size-large\"><img loading=\"lazy\" decoding=\"async\" width=\"1024\" height=\"683\" data-id=\"18796\" src=\"https:\/\/regiongron.sk\/wp-content\/uploads\/2023\/04\/337294052_949867359367752_476384978465846398_n-1024x683.jpg\" alt=\"infocentrum a obchod so suven\u00edrmi kupele sklene teplice\" class=\"wp-image-18796\" srcset=\"https:\/\/regiongron.sk\/hu\/wp-content\/uploads\/2023\/04\/337294052_949867359367752_476384978465846398_n-1024x683.jpg 1024w, https:\/\/regiongron.sk\/hu\/wp-content\/uploads\/2023\/04\/337294052_949867359367752_476384978465846398_n-600x400.jpg 600w, https:\/\/regiongron.sk\/hu\/wp-content\/uploads\/2023\/04\/337294052_949867359367752_476384978465846398_n-768x512.jpg 768w, https:\/\/regiongron.sk\/hu\/wp-content\/uploads\/2023\/04\/337294052_949867359367752_476384978465846398_n-1536x1024.jpg 1536w, https:\/\/regiongron.sk\/hu\/wp-content\/uploads\/2023\/04\/337294052_949867359367752_476384978465846398_n.jpg 2048w\" sizes=\"auto, (max-width: 1024px) 100vw, 1024px\" \/><\/figure>\n\n\n\n<figure class=\"wp-block-image size-large\"><img loading=\"lazy\" decoding=\"async\" width=\"1024\" height=\"683\" data-id=\"18801\" src=\"https:\/\/regiongron.sk\/wp-content\/uploads\/2023\/04\/337526725_1353539822102379_5845908005505602069_n-1024x683.jpg\" alt=\"infocentrum a obchod so suven\u00edrmi kupele sklene teplice\" class=\"wp-image-18801\" srcset=\"https:\/\/regiongron.sk\/hu\/wp-content\/uploads\/2023\/04\/337526725_1353539822102379_5845908005505602069_n-1024x683.jpg 1024w, https:\/\/regiongron.sk\/hu\/wp-content\/uploads\/2023\/04\/337526725_1353539822102379_5845908005505602069_n-600x400.jpg 600w, https:\/\/regiongron.sk\/hu\/wp-content\/uploads\/2023\/04\/337526725_1353539822102379_5845908005505602069_n-768x512.jpg 768w, https:\/\/regiongron.sk\/hu\/wp-content\/uploads\/2023\/04\/337526725_1353539822102379_5845908005505602069_n-1536x1024.jpg 1536w, https:\/\/regiongron.sk\/hu\/wp-content\/uploads\/2023\/04\/337526725_1353539822102379_5845908005505602069_n.jpg 2048w\" sizes=\"auto, (max-width: 1024px) 100vw, 1024px\" \/><\/figure>\n\n\n\n<figure class=\"wp-block-image size-large\"><img loading=\"lazy\" decoding=\"async\" width=\"1024\" height=\"683\" data-id=\"18799\" src=\"https:\/\/regiongron.sk\/wp-content\/uploads\/2023\/04\/337270603_513245960799728_6650777655108130762_n-1024x683.jpg\" alt=\"infocentrum a obchod so suven\u00edrmi kupele sklene teplice\" class=\"wp-image-18799\" srcset=\"https:\/\/regiongron.sk\/hu\/wp-content\/uploads\/2023\/04\/337270603_513245960799728_6650777655108130762_n-1024x683.jpg 1024w, https:\/\/regiongron.sk\/hu\/wp-content\/uploads\/2023\/04\/337270603_513245960799728_6650777655108130762_n-600x400.jpg 600w, https:\/\/regiongron.sk\/hu\/wp-content\/uploads\/2023\/04\/337270603_513245960799728_6650777655108130762_n-768x512.jpg 768w, https:\/\/regiongron.sk\/hu\/wp-content\/uploads\/2023\/04\/337270603_513245960799728_6650777655108130762_n-1536x1024.jpg 1536w, https:\/\/regiongron.sk\/hu\/wp-content\/uploads\/2023\/04\/337270603_513245960799728_6650777655108130762_n.jpg 2048w\" sizes=\"auto, (max-width: 1024px) 100vw, 1024px\" \/><\/figure>\n\n\n\n<figure class=\"wp-block-image size-large\"><img loading=\"lazy\" decoding=\"async\" width=\"683\" height=\"1024\" data-id=\"18808\" src=\"https:\/\/regiongron.sk\/wp-content\/uploads\/2023\/04\/336537729_1937789336567503_5363714957885568363_n-683x1024.jpg\" alt=\"infocentrum a obchod so suven\u00edrmi kupele sklene teplice\" class=\"wp-image-18808\" srcset=\"https:\/\/regiongron.sk\/hu\/wp-content\/uploads\/2023\/04\/336537729_1937789336567503_5363714957885568363_n-683x1024.jpg 683w, https:\/\/regiongron.sk\/hu\/wp-content\/uploads\/2023\/04\/336537729_1937789336567503_5363714957885568363_n-400x600.jpg 400w, https:\/\/regiongron.sk\/hu\/wp-content\/uploads\/2023\/04\/336537729_1937789336567503_5363714957885568363_n-768x1152.jpg 768w, https:\/\/regiongron.sk\/hu\/wp-content\/uploads\/2023\/04\/336537729_1937789336567503_5363714957885568363_n-1024x1536.jpg 1024w, https:\/\/regiongron.sk\/hu\/wp-content\/uploads\/2023\/04\/336537729_1937789336567503_5363714957885568363_n.jpg 1365w\" sizes=\"auto, (max-width: 683px) 100vw, 683px\" \/><\/figure>\n\n\n\n<figure class=\"wp-block-image size-large\"><img loading=\"lazy\" decoding=\"async\" width=\"683\" height=\"1024\" data-id=\"18805\" src=\"https:\/\/regiongron.sk\/wp-content\/uploads\/2023\/04\/336738913_513605350983271_3562030842571992441_n-683x1024.jpg\" alt=\"infocentrum a obchod so suven\u00edrmi kupele sklene teplice\" class=\"wp-image-18805\" srcset=\"https:\/\/regiongron.sk\/hu\/wp-content\/uploads\/2023\/04\/336738913_513605350983271_3562030842571992441_n-683x1024.jpg 683w, https:\/\/regiongron.sk\/hu\/wp-content\/uploads\/2023\/04\/336738913_513605350983271_3562030842571992441_n-400x600.jpg 400w, https:\/\/regiongron.sk\/hu\/wp-content\/uploads\/2023\/04\/336738913_513605350983271_3562030842571992441_n-768x1152.jpg 768w, https:\/\/regiongron.sk\/hu\/wp-content\/uploads\/2023\/04\/336738913_513605350983271_3562030842571992441_n-1024x1536.jpg 1024w, https:\/\/regiongron.sk\/hu\/wp-content\/uploads\/2023\/04\/336738913_513605350983271_3562030842571992441_n.jpg 1365w\" sizes=\"auto, (max-width: 683px) 100vw, 683px\" \/><\/figure>\n\n\n\n<figure class=\"wp-block-image size-large\"><img loading=\"lazy\" decoding=\"async\" width=\"683\" height=\"1024\" data-id=\"18809\" src=\"https:\/\/regiongron.sk\/wp-content\/uploads\/2023\/04\/336999038_663690819095011_2613479463056468218_n-683x1024.jpg\" alt=\"infocentrum a obchod so suven\u00edrmi kupele sklene teplice\" class=\"wp-image-18809\" srcset=\"https:\/\/regiongron.sk\/hu\/wp-content\/uploads\/2023\/04\/336999038_663690819095011_2613479463056468218_n-683x1024.jpg 683w, https:\/\/regiongron.sk\/hu\/wp-content\/uploads\/2023\/04\/336999038_663690819095011_2613479463056468218_n-400x600.jpg 400w, https:\/\/regiongron.sk\/hu\/wp-content\/uploads\/2023\/04\/336999038_663690819095011_2613479463056468218_n-768x1152.jpg 768w, https:\/\/regiongron.sk\/hu\/wp-content\/uploads\/2023\/04\/336999038_663690819095011_2613479463056468218_n-1024x1536.jpg 1024w, https:\/\/regiongron.sk\/hu\/wp-content\/uploads\/2023\/04\/336999038_663690819095011_2613479463056468218_n.jpg 1365w\" sizes=\"auto, (max-width: 683px) 100vw, 683px\" \/><\/figure>\n\n\n\n<figure class=\"wp-block-image size-large\"><img loading=\"lazy\" decoding=\"async\" width=\"683\" height=\"1024\" data-id=\"18810\" src=\"https:\/\/regiongron.sk\/wp-content\/uploads\/2023\/04\/337014008_971396440727860_3719723557184122215_n-683x1024.jpg\" alt=\"infocentrum a obchod so suven\u00edrmi kupele sklene teplice\" class=\"wp-image-18810\" srcset=\"https:\/\/regiongron.sk\/hu\/wp-content\/uploads\/2023\/04\/337014008_971396440727860_3719723557184122215_n-683x1024.jpg 683w, https:\/\/regiongron.sk\/hu\/wp-content\/uploads\/2023\/04\/337014008_971396440727860_3719723557184122215_n-400x600.jpg 400w, https:\/\/regiongron.sk\/hu\/wp-content\/uploads\/2023\/04\/337014008_971396440727860_3719723557184122215_n-768x1152.jpg 768w, https:\/\/regiongron.sk\/hu\/wp-content\/uploads\/2023\/04\/337014008_971396440727860_3719723557184122215_n-1024x1536.jpg 1024w, https:\/\/regiongron.sk\/hu\/wp-content\/uploads\/2023\/04\/337014008_971396440727860_3719723557184122215_n.jpg 1365w\" sizes=\"auto, (max-width: 683px) 100vw, 683px\" \/><\/figure>\n\n\n\n<figure class=\"wp-block-image size-large\"><img loading=\"lazy\" decoding=\"async\" width=\"683\" height=\"1024\" data-id=\"18803\" src=\"https:\/\/regiongron.sk\/wp-content\/uploads\/2023\/04\/337155709_1944666409200200_3121091723788531647_n-683x1024.jpg\" alt=\"infocentrum a obchod so suven\u00edrmi kupele sklene teplice\" class=\"wp-image-18803\" srcset=\"https:\/\/regiongron.sk\/hu\/wp-content\/uploads\/2023\/04\/337155709_1944666409200200_3121091723788531647_n-683x1024.jpg 683w, https:\/\/regiongron.sk\/hu\/wp-content\/uploads\/2023\/04\/337155709_1944666409200200_3121091723788531647_n-400x600.jpg 400w, https:\/\/regiongron.sk\/hu\/wp-content\/uploads\/2023\/04\/337155709_1944666409200200_3121091723788531647_n-768x1152.jpg 768w, https:\/\/regiongron.sk\/hu\/wp-content\/uploads\/2023\/04\/337155709_1944666409200200_3121091723788531647_n-1024x1536.jpg 1024w, https:\/\/regiongron.sk\/hu\/wp-content\/uploads\/2023\/04\/337155709_1944666409200200_3121091723788531647_n.jpg 1365w\" sizes=\"auto, (max-width: 683px) 100vw, 683px\" \/><\/figure>\n\n\n\n<figure class=\"wp-block-image size-large\"><img loading=\"lazy\" decoding=\"async\" width=\"683\" height=\"1024\" data-id=\"18804\" src=\"https:\/\/regiongron.sk\/wp-content\/uploads\/2023\/04\/337176620_599984612170281_6908662527352687155_n-683x1024.jpg\" alt=\"infocentrum a obchod so suven\u00edrmi kupele sklene teplice\" class=\"wp-image-18804\" srcset=\"https:\/\/regiongron.sk\/hu\/wp-content\/uploads\/2023\/04\/337176620_599984612170281_6908662527352687155_n-683x1024.jpg 683w, https:\/\/regiongron.sk\/hu\/wp-content\/uploads\/2023\/04\/337176620_599984612170281_6908662527352687155_n-400x600.jpg 400w, https:\/\/regiongron.sk\/hu\/wp-content\/uploads\/2023\/04\/337176620_599984612170281_6908662527352687155_n-768x1152.jpg 768w, https:\/\/regiongron.sk\/hu\/wp-content\/uploads\/2023\/04\/337176620_599984612170281_6908662527352687155_n-1024x1536.jpg 1024w, https:\/\/regiongron.sk\/hu\/wp-content\/uploads\/2023\/04\/337176620_599984612170281_6908662527352687155_n.jpg 1365w\" sizes=\"auto, (max-width: 683px) 100vw, 683px\" \/><\/figure>\n\n\n\n<figure class=\"wp-block-image size-large\"><img loading=\"lazy\" decoding=\"async\" width=\"683\" height=\"1024\" data-id=\"18806\" src=\"https:\/\/regiongron.sk\/wp-content\/uploads\/2023\/04\/337521358_761785855423616_3815403806046604712_n-683x1024.jpg\" alt=\"infocentrum a obchod so suven\u00edrmi kupele sklene teplice\" class=\"wp-image-18806\" srcset=\"https:\/\/regiongron.sk\/hu\/wp-content\/uploads\/2023\/04\/337521358_761785855423616_3815403806046604712_n-683x1024.jpg 683w, https:\/\/regiongron.sk\/hu\/wp-content\/uploads\/2023\/04\/337521358_761785855423616_3815403806046604712_n-400x600.jpg 400w, https:\/\/regiongron.sk\/hu\/wp-content\/uploads\/2023\/04\/337521358_761785855423616_3815403806046604712_n-768x1152.jpg 768w, https:\/\/regiongron.sk\/hu\/wp-content\/uploads\/2023\/04\/337521358_761785855423616_3815403806046604712_n-1024x1536.jpg 1024w, https:\/\/regiongron.sk\/hu\/wp-content\/uploads\/2023\/04\/337521358_761785855423616_3815403806046604712_n.jpg 1365w\" sizes=\"auto, (max-width: 683px) 100vw, 683px\" \/><\/figure>\n\n\n\n<figure class=\"wp-block-image size-large\"><img loading=\"lazy\" decoding=\"async\" width=\"683\" height=\"1024\" data-id=\"18807\" src=\"https:\/\/regiongron.sk\/wp-content\/uploads\/2023\/04\/337533472_666709215135373_7554275781721776692_n-683x1024.jpg\" alt=\"infocentrum a obchod so suven\u00edrmi kupele sklene teplice\" class=\"wp-image-18807\" srcset=\"https:\/\/regiongron.sk\/hu\/wp-content\/uploads\/2023\/04\/337533472_666709215135373_7554275781721776692_n-683x1024.jpg 683w, https:\/\/regiongron.sk\/hu\/wp-content\/uploads\/2023\/04\/337533472_666709215135373_7554275781721776692_n-400x600.jpg 400w, https:\/\/regiongron.sk\/hu\/wp-content\/uploads\/2023\/04\/337533472_666709215135373_7554275781721776692_n-768x1152.jpg 768w, https:\/\/regiongron.sk\/hu\/wp-content\/uploads\/2023\/04\/337533472_666709215135373_7554275781721776692_n-1024x1536.jpg 1024w, https:\/\/regiongron.sk\/hu\/wp-content\/uploads\/2023\/04\/337533472_666709215135373_7554275781721776692_n.jpg 1365w\" sizes=\"auto, (max-width: 683px) 100vw, 683px\" \/><\/figure>\n<\/figure>\n","protected":false},"excerpt":{"rendered":"<p>Infocentrum, ktor\u00e9 bolo otvoren\u00e9 za\u010diatkom roka 2023 sa nach\u00e1dza v are\u00e1li K\u00fape\u013eov Sklen\u00e9 Teplice oproti K\u00fape\u013en\u00e9mu domu M\u00e1rie Ter\u00e9zie. Infocentrum poskytuje: Otv\u00e1racie hodiny infocentra: ka\u017ed\u00fd de\u0148 od 9:00 do 19:00 hod. Inform\u00e1cie o dostupnosti a rezerv\u00e1cie proced\u00far z\u00edskate aj na tel. \u010d\u00edsle 0905 500 699<\/p>\n","protected":false},"author":2,"featured_media":18793,"parent":15275,"menu_order":5,"comment_status":"closed","ping_status":"closed","template":"","meta":{"_acf_changed":false,"inline_featured_image":false,"_uag_custom_page_level_css":"","footnotes":""},"class_list":["post-18732","page","type-page","status-publish","has-post-thumbnail","hentry"],"acf":[],"uagb_featured_image_src":{"full":["https:\/\/regiongron.sk\/hu\/wp-content\/uploads\/2023\/04\/338156785_599815342097606_1885660270512459435_n.png",1365,1365,false],"thumbnail":["https:\/\/regiongron.sk\/hu\/wp-content\/uploads\/2023\/04\/338156785_599815342097606_1885660270512459435_n-400x400.png",400,400,true],"medium":["https:\/\/regiongron.sk\/hu\/wp-content\/uploads\/2023\/04\/338156785_599815342097606_1885660270512459435_n-600x600.png",600,600,true],"medium_large":["https:\/\/regiongron.sk\/hu\/wp-content\/uploads\/2023\/04\/338156785_599815342097606_1885660270512459435_n-768x768.png",768,768,true],"large":["https:\/\/regiongron.sk\/hu\/wp-content\/uploads\/2023\/04\/338156785_599815342097606_1885660270512459435_n-1024x1024.png",1024,1024,true],"1536x1536":["https:\/\/regiongron.sk\/hu\/wp-content\/uploads\/2023\/04\/338156785_599815342097606_1885660270512459435_n.png",1365,1365,false],"2048x2048":["https:\/\/regiongron.sk\/hu\/wp-content\/uploads\/2023\/04\/338156785_599815342097606_1885660270512459435_n.png",1365,1365,false]},"uagb_author_info":{"display_name":"regiongron","author_link":"https:\/\/regiongron.sk\/hu\/author\/regiongron\/"},"uagb_comment_info":0,"uagb_excerpt":"Infocentrum, ktor\u00e9 bolo otvoren\u00e9 za\u010diatkom roka 2023 sa nach\u00e1dza v are\u00e1li K\u00fape\u013eov Sklen\u00e9 Teplice oproti K\u00fape\u013en\u00e9mu domu M\u00e1rie Ter\u00e9zie. Infocentrum poskytuje: Otv\u00e1racie hodiny infocentra: ka\u017ed\u00fd de\u0148 od 9:00 do 19:00 hod. Inform\u00e1cie o dostupnosti a rezerv\u00e1cie proced\u00far z\u00edskate aj na tel. \u010d\u00edsle 0905 500 699","_links":{"self":[{"href":"https:\/\/regiongron.sk\/hu\/wp-json\/wp\/v2\/pages\/18732","targetHints":{"allow":["GET"]}}],"collection":[{"href":"https:\/\/regiongron.sk\/hu\/wp-json\/wp\/v2\/pages"}],"about":[{"href":"https:\/\/regiongron.sk\/hu\/wp-json\/wp\/v2\/types\/page"}],"author":[{"embeddable":true,"href":"https:\/\/regiongron.sk\/hu\/wp-json\/wp\/v2\/users\/2"}],"replies":[{"embeddable":true,"href":"https:\/\/regiongron.sk\/hu\/wp-json\/wp\/v2\/comments?post=18732"}],"version-history":[{"count":3,"href":"https:\/\/regiongron.sk\/hu\/wp-json\/wp\/v2\/pages\/18732\/revisions"}],"predecessor-version":[{"id":18812,"href":"https:\/\/regiongron.sk\/hu\/wp-json\/wp\/v2\/pages\/18732\/revisions\/18812"}],"up":[{"embeddable":true,"href":"https:\/\/regiongron.sk\/hu\/wp-json\/wp\/v2\/pages\/15275"}],"wp:featuredmedia":[{"embeddable":true,"href":"https:\/\/regiongron.sk\/hu\/wp-json\/wp\/v2\/media\/18793"}],"wp:attachment":[{"href":"https:\/\/regiongron.sk\/hu\/wp-json\/wp\/v2\/media?parent=18732"}],"curies":[{"name":"wp","href":"https:\/\/api.w.org\/{rel}","templated":true}]}}